{"id":4310,"date":"2017-08-29T16:27:28","date_gmt":"2017-08-29T13:27:28","guid":{"rendered":"http:\/\/ekizfidancilik.com\/tr\/?page_id=4310"},"modified":"2017-08-30T16:31:14","modified_gmt":"2017-08-30T13:31:14","slug":"tesislerimiz","status":"publish","type":"page","link":"https:\/\/ekizfidancilik.com\/tr\/tesislerimiz","title":{"rendered":"Tesislerimiz"},"content":{"rendered":"<h1 style=\"text-align: center;\">DAMIZLIK PARSELLER\u0130M\u0130Z<\/h1>\n<div class=\"gdlr-shortcode-wrapper\"><div class=\"gdlr-gallery-item gdlr-item\" ><div class=\"gallery-column four columns\"><div class=\"gallery-item\"><a href=\"https:\/\/ekizfidancilik.com\/tr\/wp-content\/uploads\/2017\/08\/dosya_20121012101818_11.jpg\" data-fancybox-group=\"gdlr-gal-1\" data-rel=\"fancybox\" ><img loading=\"lazy\" decoding=\"async\" src=\"https:\/\/ekizfidancilik.com\/tr\/wp-content\/uploads\/2017\/08\/dosya_20121012101818_11-150x150.jpg\" alt=\"\" width=\"150\" height=\"150\" \/><\/a><span class=\"gallery-caption\">DAMIZLIK PARSELLER\u0130M\u0130Z<\/span><\/div><\/div><div class=\"gallery-column four columns\"><div class=\"gallery-item\"><a href=\"https:\/\/ekizfidancilik.com\/tr\/wp-content\/uploads\/2017\/08\/dosya_20121012092411_11.jpg\" data-fancybox-group=\"gdlr-gal-1\" data-rel=\"fancybox\" ><img loading=\"lazy\" decoding=\"async\" src=\"https:\/\/ekizfidancilik.com\/tr\/wp-content\/uploads\/2017\/08\/dosya_20121012092411_11-150x150.jpg\" alt=\"\" width=\"150\" height=\"150\" \/><\/a><span class=\"gallery-caption\">DAMIZLIK PARSELLER\u0130M\u0130Z<\/span><\/div><\/div><div class=\"gallery-column four columns\"><div class=\"gallery-item\"><a href=\"https:\/\/ekizfidancilik.com\/tr\/wp-content\/uploads\/2017\/08\/dosya_20121012092307_11.jpg\" data-fancybox-group=\"gdlr-gal-1\" data-rel=\"fancybox\" ><img loading=\"lazy\" decoding=\"async\" src=\"https:\/\/ekizfidancilik.com\/tr\/wp-content\/uploads\/2017\/08\/dosya_20121012092307_11-150x150.jpg\" alt=\"\" width=\"150\" height=\"150\" \/><\/a><span class=\"gallery-caption\">DAMIZLIK PARSELLER\u0130M\u0130Z<\/span><\/div><\/div><div class=\"clear\"><\/div><div class=\"gallery-column four columns\"><div class=\"gallery-item\"><a href=\"https:\/\/ekizfidancilik.com\/tr\/wp-content\/uploads\/2017\/08\/dosya_20121012092045_11.jpg\" data-fancybox-group=\"gdlr-gal-1\" data-rel=\"fancybox\" ><img loading=\"lazy\" decoding=\"async\" src=\"https:\/\/ekizfidancilik.com\/tr\/wp-content\/uploads\/2017\/08\/dosya_20121012092045_11-150x150.jpg\" alt=\"\" width=\"150\" height=\"150\" \/><\/a><span class=\"gallery-caption\">DAMIZLIK PARSELLER\u0130M\u0130Z<\/span><\/div><\/div><div class=\"gallery-column four columns\"><div class=\"gallery-item\"><a href=\"https:\/\/ekizfidancilik.com\/tr\/wp-content\/uploads\/2017\/08\/dosya_20121012091949_11.jpg\" data-fancybox-group=\"gdlr-gal-1\" data-rel=\"fancybox\" ><img loading=\"lazy\" decoding=\"async\" src=\"https:\/\/ekizfidancilik.com\/tr\/wp-content\/uploads\/2017\/08\/dosya_20121012091949_11-150x150.jpg\" alt=\"\" width=\"150\" height=\"150\" \/><\/a><span class=\"gallery-caption\">DAMIZLIK PARSELLER\u0130M\u0130Z<\/span><\/div><\/div><div class=\"clear\"><\/div><\/div><\/div>\n<h1 style=\"text-align: center;\">\u00dcRET\u0130M PARSELLER\u0130M\u0130Z<\/h1>\n<div class=\"gdlr-shortcode-wrapper\"><div class=\"gdlr-gallery-item gdlr-item\" ><div class=\"gallery-column four columns\"><div class=\"gallery-item\"><a href=\"https:\/\/ekizfidancilik.com\/tr\/wp-content\/uploads\/2017\/08\/dosya_20121012112345_11.jpg\" data-fancybox-group=\"gdlr-gal-2\" data-rel=\"fancybox\" ><img loading=\"lazy\" decoding=\"async\" src=\"https:\/\/ekizfidancilik.com\/tr\/wp-content\/uploads\/2017\/08\/dosya_20121012112345_11-150x150.jpg\" alt=\"\" width=\"150\" height=\"150\" \/><\/a><span class=\"gallery-caption\">\u00dcRET\u0130M PARSELLER\u0130M\u0130Z<\/span><\/div><\/div><div class=\"gallery-column four columns\"><div class=\"gallery-item\"><a href=\"https:\/\/ekizfidancilik.com\/tr\/wp-content\/uploads\/2017\/08\/dosya_20121012112239_11.jpg\" data-fancybox-group=\"gdlr-gal-2\" data-rel=\"fancybox\" ><img loading=\"lazy\" decoding=\"async\" src=\"https:\/\/ekizfidancilik.com\/tr\/wp-content\/uploads\/2017\/08\/dosya_20121012112239_11-150x150.jpg\" alt=\"\" width=\"150\" height=\"150\" \/><\/a><span class=\"gallery-caption\">\u00dcRET\u0130M PARSELLER\u0130M\u0130Z<\/span><\/div><\/div><div class=\"gallery-column four columns\"><div class=\"gallery-item\"><a href=\"https:\/\/ekizfidancilik.com\/tr\/wp-content\/uploads\/2017\/08\/dosya_20121012111939_11.jpg\" data-fancybox-group=\"gdlr-gal-2\" data-rel=\"fancybox\" ><img loading=\"lazy\" decoding=\"async\" src=\"https:\/\/ekizfidancilik.com\/tr\/wp-content\/uploads\/2017\/08\/dosya_20121012111939_11-150x150.jpg\" alt=\"\" width=\"150\" height=\"150\" \/><\/a><span class=\"gallery-caption\">\u00dcRET\u0130M PARSELLER\u0130M\u0130Z<\/span><\/div><\/div><div class=\"clear\"><\/div><div class=\"gallery-column four columns\"><div class=\"gallery-item\"><a href=\"https:\/\/ekizfidancilik.com\/tr\/wp-content\/uploads\/2017\/08\/dosya_20121012111840_11.jpg\" data-fancybox-group=\"gdlr-gal-2\" data-rel=\"fancybox\" ><img loading=\"lazy\" decoding=\"async\" src=\"https:\/\/ekizfidancilik.com\/tr\/wp-content\/uploads\/2017\/08\/dosya_20121012111840_11-150x150.jpg\" alt=\"\" width=\"150\" height=\"150\" \/><\/a><span class=\"gallery-caption\">\u00dcRET\u0130M PARSELLER\u0130M\u0130Z<\/span><\/div><\/div><div class=\"clear\"><\/div><\/div><\/div>\n","protected":false},"excerpt":{"rendered":"<p>DAMIZLIK PARSELLER\u0130M\u0130Z \u00dcRET\u0130M PARSELLER\u0130M\u0130Z<\/p>\n","protected":false},"author":1,"featured_media":0,"parent":0,"menu_order":0,"comment_status":"closed","ping_status":"closed","template":"","meta":{"footnotes":""},"class_list":["post-4310","page","type-page","status-publish","hentry"],"_links":{"self":[{"href":"https:\/\/ekizfidancilik.com\/tr\/wp-json\/wp\/v2\/pages\/4310","targetHints":{"allow":["GET"]}}],"collection":[{"href":"https:\/\/ekizfidancilik.com\/tr\/wp-json\/wp\/v2\/pages"}],"about":[{"href":"https:\/\/ekizfidancilik.com\/tr\/wp-json\/wp\/v2\/types\/page"}],"author":[{"embeddable":true,"href":"https:\/\/ekizfidancilik.com\/tr\/wp-json\/wp\/v2\/users\/1"}],"replies":[{"embeddable":true,"href":"https:\/\/ekizfidancilik.com\/tr\/wp-json\/wp\/v2\/comments?post=4310"}],"version-history":[{"count":9,"href":"https:\/\/ekizfidancilik.com\/tr\/wp-json\/wp\/v2\/pages\/4310\/revisions"}],"predecessor-version":[{"id":4762,"href":"https:\/\/ekizfidancilik.com\/tr\/wp-json\/wp\/v2\/pages\/4310\/revisions\/4762"}],"wp:attachment":[{"href":"https:\/\/ekizfidancilik.com\/tr\/wp-json\/wp\/v2\/media?parent=4310"}],"curies":[{"name":"wp","href":"https:\/\/api.w.org\/{rel}","templated":true}]}}